{"id":41,"date":"2017-02-27T23:58:20","date_gmt":"2017-02-27T23:58:20","guid":{"rendered":"http:\/\/www.cpswarm.eu\/?page_id=41"},"modified":"2019-02-23T21:52:46","modified_gmt":"2019-02-23T21:52:46","slug":"disclaimer","status":"publish","type":"page","link":"https:\/\/www.cpswarm.eu\/index.php\/disclaimer\/","title":{"rendered":"Disclaimer"},"content":{"rendered":"<div id=\"after_section_2\" class=\"main_color av_default_container_wrap container_wrap fullsize\">\n<div class=\"container\">\n<div class=\"template-page content  av-content-full alpha units\">\n<div class=\"post-entry post-entry-type-page post-entry-23283\">\n<div class=\"entry-content-wrapper clearfix\">\n<div class=\"flex_column av_one_full  flex_column_div av-zero-column-padding first  avia-builder-el-8  el_after_av_section  avia-builder-el-no-sibling  \">\n<section class=\"av_textblock_section\">\n<div class=\"avia_textblock \">\n<h3>Inhalt des Onlineangebotes<\/h3>\n<p>Die Alpen-Adria-Universit\u00e4t Klagenfurt\u00a0\u00fcbernimmt keinerlei Gew\u00e4hr f\u00fcr die Aktualit\u00e4t, Korrektheit, Vollst\u00e4ndigkeit oder Qualit\u00e4t der bereitgestellten Informationen. S\u00e4mtliche Haftungsanspr\u00fcche gegen das Webteam oder die Alpen-Adria-Universit\u00e4t Klagenfurt, aufgrund der Nutzung oder Nichtnutzung der dargebotenen Informationen bzw. der Nutzung fehlerhafter und unvollst\u00e4ndiger Informationen sind grunds\u00e4tzlich ausgeschlossen. Alle Angebote sind freibleibend und unverbindlich. Die Alpen-Adria-Universit\u00e4t Klagenfurt beh\u00e4lt es sich ausdr\u00fccklich vor, Teile der Seiten oder das gesamte Angebot ohne gesonderte Ank\u00fcndigung zu ver\u00e4ndern, zu erg\u00e4nzen, zu l\u00f6schen oder die Ver\u00f6ffentlichung zeitweise oder endg\u00fcltig einzustellen.<\/p>\n<h3>Verweise und Links<\/h3>\n<p>Direkte oder indirekte Verweise auf fremde Internetseiten (\u201eLinks\u201c) liegen au\u00dferhalb des Verantwortungsbereiches der Alpen-Adria-Universit\u00e4t Klagenfurt, weshalb diese daf\u00fcr nicht zur Verantwortung gezogen werden kann. Es wird jedoch festgehalten, dass zum Zeitpunkt der Linksetzung die entsprechenden verlinkten Seiten frei von illegalen Inhalten waren. Die Alpen-Adria-Universit\u00e4t Klagenfurt hat keinerlei Einfluss auf die aktuelle und zuk\u00fcnftige Gestaltung und auf die Inhalte der gelinkten\/verkn\u00fcpften Seiten. Deshalb distanziert sie sich hiermit ausdr\u00fccklich von allen Inhalten aller gelinkten\/verkn\u00fcpften Seiten, die nach der Linksetzung ver\u00e4ndert wurden. Diese Feststellung gilt f\u00fcr alle innerhalb des eigenen Internetangebotes gesetzten Links und Verweise sowie f\u00fcr Fremdeintr\u00e4ge in von der Alpen-Adria-Universit\u00e4t Klagenfurt eingerichteten G\u00e4steb\u00fcchern, Diskussionsforen und Mailinglisten. F\u00fcr illegale, fehlerhafte oder unvollst\u00e4ndige Inhalte und insbesondere f\u00fcr Sch\u00e4den, die aus der Nutzung oder Nichtnutzung solcherart dargebotener Informationen entstehen, haftet allein der Anbieter der Seite, auf welche verwiesen wurde, nicht derjenige, der \u00fcber Links auf die jeweilige Ver\u00f6ffentlichung lediglich verweist.<\/p>\n<h3>Urheber- und Kennzeichenrecht<\/h3>\n<p>Die Alpen-Adria-Universit\u00e4t Klagenfurt beachtet in allen Publikationen die Urheberrechte der verwendeten Grafiken, Fotografien, Tondokumente, Videosequenzen und Texte. Sie verwendet \u00fcberwiegend von ihr selbst erstellte Grafiken, Tondokumente, Videosequenzen und Texte oder versucht auf lizenzfreie Grafiken, Fotografien, Tondokumente, Videosequenzen und Texte zur\u00fcckzugreifen. Alle innerhalb des Internetangebotes genannten und ggf. durch Dritte gesch\u00fctzten Marken- und Warenzeichen unterliegen uneingeschr\u00e4nkt den Bestimmungen des jeweils g\u00fcltigen Kennzeichenrechts und den Besitzrechten der jeweiligen eingetragenen Eigent\u00fcmer. Allein aufgrund der blo\u00dfen Nennung ist nicht der Schluss zu ziehen, dass Markenzeichen nicht durch Rechte Dritter gesch\u00fctzt sind!<\/p>\n<p>Das Copyright f\u00fcr ver\u00f6ffentlichte, von der Universit\u00e4t Klagenfurt selbst erstellte Objekte (Grafiken, Fotografien, Tondokumente, Videosequenzen und Texte) bleibt allein bei der Alpen-Adria-Universit\u00e4t Klagenfurt. Eine Vervielf\u00e4ltigung, Verwendung, Ver\u00e4nderung oder sonstige Nutzung dieser Objekte, egal in welcher Art und Weise, ist ohne ausdr\u00fcckliche Zustimmung der Alpen-Adria-Universit\u00e4t Klagenfurt nicht gestattet.<\/p>\n<h3>Rechtswirksamkeit dieses Haftungsausschlusses<\/h3>\n<p>Dieser Haftungsausschluss ist integrierender Bestandteil des Internetangebotes und gilt f\u00fcr jede Userin und jeden User. Sofern Teile oder einzelne Formulierungen dieses Textes der geltenden Rechtslage nicht, nicht mehr oder nicht vollst\u00e4ndig entsprechen sollten, bleiben die \u00fcbrigen Teile des Dokumentes in ihrem Inhalt und ihrer G\u00fcltigkeit davon unber\u00fchrt.<\/p>\n<p>Der vorliegende Haftungssauschlusstext basiert auf dem kostenlosen Dienst von http:\/\/www.disclaimer.de und wurde an die Bed\u00fcrfnisse der Alpen-Adria-Universit\u00e4t Klagenfurt angepasst.<\/p>\n<\/div>\n<\/section>\n<\/div>\n<\/div>\n<\/div>\n<\/div>\n<\/div>\n<\/div>\n","protected":false},"excerpt":{"rendered":"<p>Inhalt des Onlineangebotes Die Alpen-Adria-Universit\u00e4t Klagenfurt\u00a0\u00fcbernimmt keinerlei Gew\u00e4hr f\u00fcr die Aktualit\u00e4t, Korrektheit, Vollst\u00e4ndigkeit oder Qualit\u00e4t der bereitgestellten Informationen. S\u00e4mtliche Haftungsanspr\u00fcche gegen das Webteam oder die Alpen-Adria-Universit\u00e4t Klagenfurt, aufgrund der Nutzung oder Nichtnutzung der dargebotenen Informationen bzw. der Nutzung fehlerhafter und unvollst\u00e4ndiger Informationen sind grunds\u00e4tzlich ausgeschlossen. Alle Angebote sind freibleibend und [\u2026] <\/p>\n<div class=\"clear\"><\/div>\n<p><a class=\"more_link clearfix\" href=\"https:\/\/www.cpswarm.eu\/index.php\/disclaimer\/\" rel=\"nofollow\">Read More<\/a><\/p>\n","protected":false},"author":2,"featured_media":0,"parent":0,"menu_order":0,"comment_status":"closed","ping_status":"closed","template":"","meta":{"footnotes":""},"class_list":["post-41","page","type-page","status-publish","hentry"],"yoast_head":"<!-- This site is optimized with the Yoast SEO plugin v26.9 - https:\/\/yoast.com\/product\/yoast-seo-wordpress\/ -->\n<title>Disclaimer - cpswarm.eu<\/title>\n<meta name=\"robots\" content=\"index, follow, max-snippet:-1, max-image-preview:large, max-video-preview:-1\" \/>\n<link rel=\"canonical\" href=\"https:\/\/www.cpswarm.eu\/index.php\/disclaimer\/\" \/>\n<meta property=\"og:locale\" content=\"en_US\" \/>\n<meta property=\"og:type\" content=\"article\" \/>\n<meta property=\"og:title\" content=\"Disclaimer - cpswarm.eu\" \/>\n<meta property=\"og:description\" content=\"Inhalt des Onlineangebotes Die Alpen-Adria-Universit\u00e4t Klagenfurt\u00a0\u00fcbernimmt keinerlei Gew\u00e4hr f\u00fcr die Aktualit\u00e4t, Korrektheit, Vollst\u00e4ndigkeit oder Qualit\u00e4t der bereitgestellten Informationen. S\u00e4mtliche Haftungsanspr\u00fcche gegen das Webteam oder die Alpen-Adria-Universit\u00e4t Klagenfurt, aufgrund der Nutzung oder Nichtnutzung der dargebotenen Informationen bzw. der Nutzung fehlerhafter und unvollst\u00e4ndiger Informationen sind grunds\u00e4tzlich ausgeschlossen. Alle Angebote sind freibleibend und [\u2026] Read More\" \/>\n<meta property=\"og:url\" content=\"https:\/\/www.cpswarm.eu\/index.php\/disclaimer\/\" \/>\n<meta property=\"og:site_name\" content=\"cpswarm.eu\" \/>\n<meta property=\"article:modified_time\" content=\"2019-02-23T21:52:46+00:00\" \/>\n<meta name=\"twitter:card\" content=\"summary_large_image\" \/>\n<meta name=\"twitter:label1\" content=\"Est. reading time\" \/>\n\t<meta name=\"twitter:data1\" content=\"3 minutes\" \/>\n<script type=\"application\/ld+json\" class=\"yoast-schema-graph\">{\"@context\":\"https:\/\/schema.org\",\"@graph\":[{\"@type\":\"WebPage\",\"@id\":\"https:\/\/www.cpswarm.eu\/index.php\/disclaimer\/\",\"url\":\"https:\/\/www.cpswarm.eu\/index.php\/disclaimer\/\",\"name\":\"Disclaimer - cpswarm.eu\",\"isPartOf\":{\"@id\":\"https:\/\/www.cpswarm.eu\/#website\"},\"datePublished\":\"2017-02-27T23:58:20+00:00\",\"dateModified\":\"2019-02-23T21:52:46+00:00\",\"breadcrumb\":{\"@id\":\"https:\/\/www.cpswarm.eu\/index.php\/disclaimer\/#breadcrumb\"},\"inLanguage\":\"en-US\",\"potentialAction\":[{\"@type\":\"ReadAction\",\"target\":[\"https:\/\/www.cpswarm.eu\/index.php\/disclaimer\/\"]}]},{\"@type\":\"BreadcrumbList\",\"@id\":\"https:\/\/www.cpswarm.eu\/index.php\/disclaimer\/#breadcrumb\",\"itemListElement\":[{\"@type\":\"ListItem\",\"position\":1,\"name\":\"Home\",\"item\":\"https:\/\/www.cpswarm.eu\/\"},{\"@type\":\"ListItem\",\"position\":2,\"name\":\"Disclaimer\"}]},{\"@type\":\"WebSite\",\"@id\":\"https:\/\/www.cpswarm.eu\/#website\",\"url\":\"https:\/\/www.cpswarm.eu\/\",\"name\":\"cpswarm.eu\",\"description\":\"A Horizon 2020 project on applications of swarm algorithms in Cyber-Physical Systems\",\"potentialAction\":[{\"@type\":\"SearchAction\",\"target\":{\"@type\":\"EntryPoint\",\"urlTemplate\":\"https:\/\/www.cpswarm.eu\/?s={search_term_string}\"},\"query-input\":{\"@type\":\"PropertyValueSpecification\",\"valueRequired\":true,\"valueName\":\"search_term_string\"}}],\"inLanguage\":\"en-US\"}]}<\/script>\n<!-- \/ Yoast SEO plugin. -->","yoast_head_json":{"title":"Disclaimer - cpswarm.eu","robots":{"index":"index","follow":"follow","max-snippet":"max-snippet:-1","max-image-preview":"max-image-preview:large","max-video-preview":"max-video-preview:-1"},"canonical":"https:\/\/www.cpswarm.eu\/index.php\/disclaimer\/","og_locale":"en_US","og_type":"article","og_title":"Disclaimer - cpswarm.eu","og_description":"Inhalt des Onlineangebotes Die Alpen-Adria-Universit\u00e4t Klagenfurt\u00a0\u00fcbernimmt keinerlei Gew\u00e4hr f\u00fcr die Aktualit\u00e4t, Korrektheit, Vollst\u00e4ndigkeit oder Qualit\u00e4t der bereitgestellten Informationen. S\u00e4mtliche Haftungsanspr\u00fcche gegen das Webteam oder die Alpen-Adria-Universit\u00e4t Klagenfurt, aufgrund der Nutzung oder Nichtnutzung der dargebotenen Informationen bzw. der Nutzung fehlerhafter und unvollst\u00e4ndiger Informationen sind grunds\u00e4tzlich ausgeschlossen. Alle Angebote sind freibleibend und [\u2026] Read More","og_url":"https:\/\/www.cpswarm.eu\/index.php\/disclaimer\/","og_site_name":"cpswarm.eu","article_modified_time":"2019-02-23T21:52:46+00:00","twitter_card":"summary_large_image","twitter_misc":{"Est. reading time":"3 minutes"},"schema":{"@context":"https:\/\/schema.org","@graph":[{"@type":"WebPage","@id":"https:\/\/www.cpswarm.eu\/index.php\/disclaimer\/","url":"https:\/\/www.cpswarm.eu\/index.php\/disclaimer\/","name":"Disclaimer - cpswarm.eu","isPartOf":{"@id":"https:\/\/www.cpswarm.eu\/#website"},"datePublished":"2017-02-27T23:58:20+00:00","dateModified":"2019-02-23T21:52:46+00:00","breadcrumb":{"@id":"https:\/\/www.cpswarm.eu\/index.php\/disclaimer\/#breadcrumb"},"inLanguage":"en-US","potentialAction":[{"@type":"ReadAction","target":["https:\/\/www.cpswarm.eu\/index.php\/disclaimer\/"]}]},{"@type":"BreadcrumbList","@id":"https:\/\/www.cpswarm.eu\/index.php\/disclaimer\/#breadcrumb","itemListElement":[{"@type":"ListItem","position":1,"name":"Home","item":"https:\/\/www.cpswarm.eu\/"},{"@type":"ListItem","position":2,"name":"Disclaimer"}]},{"@type":"WebSite","@id":"https:\/\/www.cpswarm.eu\/#website","url":"https:\/\/www.cpswarm.eu\/","name":"cpswarm.eu","description":"A Horizon 2020 project on applications of swarm algorithms in Cyber-Physical Systems","potentialAction":[{"@type":"SearchAction","target":{"@type":"EntryPoint","urlTemplate":"https:\/\/www.cpswarm.eu\/?s={search_term_string}"},"query-input":{"@type":"PropertyValueSpecification","valueRequired":true,"valueName":"search_term_string"}}],"inLanguage":"en-US"}]}},"_links":{"self":[{"href":"https:\/\/www.cpswarm.eu\/index.php\/wp-json\/wp\/v2\/pages\/41","targetHints":{"allow":["GET"]}}],"collection":[{"href":"https:\/\/www.cpswarm.eu\/index.php\/wp-json\/wp\/v2\/pages"}],"about":[{"href":"https:\/\/www.cpswarm.eu\/index.php\/wp-json\/wp\/v2\/types\/page"}],"author":[{"embeddable":true,"href":"https:\/\/www.cpswarm.eu\/index.php\/wp-json\/wp\/v2\/users\/2"}],"replies":[{"embeddable":true,"href":"https:\/\/www.cpswarm.eu\/index.php\/wp-json\/wp\/v2\/comments?post=41"}],"version-history":[{"count":2,"href":"https:\/\/www.cpswarm.eu\/index.php\/wp-json\/wp\/v2\/pages\/41\/revisions"}],"predecessor-version":[{"id":43,"href":"https:\/\/www.cpswarm.eu\/index.php\/wp-json\/wp\/v2\/pages\/41\/revisions\/43"}],"wp:attachment":[{"href":"https:\/\/www.cpswarm.eu\/index.php\/wp-json\/wp\/v2\/media?parent=41"}],"curies":[{"name":"wp","href":"https:\/\/api.w.org\/{rel}","templated":true}]}}